{"id":2369,"date":"2016-01-09T07:36:54","date_gmt":"2016-01-09T07:36:54","guid":{"rendered":"https:\/\/dcc-vn.com\/ve-chung-toi\/?lang=en"},"modified":"2025-04-17T07:46:08","modified_gmt":"2025-04-17T07:46:08","slug":"about-us","status":"publish","type":"page","link":"https:\/\/dcc-vn.com\/en\/about-us\/","title":{"rendered":"ABOUT US"},"content":{"rendered":"<div class=\"wpb-content-wrapper\"><p>[vc_row][vc_column width=&#8221;1\/4&#8243;][vc_single_image image=&#8221;2696&#8243; img_size=&#8221;full&#8221;][\/vc_column][vc_column width=&#8221;3\/4&#8243;][vc_column_text css=&#8221;&#8221;]<\/p>\n<h2 style=\"text-align: center; color: #000;\"><strong>C\u00d4NG TY TNHH K\u1ef8 THU\u1eacT X\u00c2Y D\u1ef0NG \u0110\u1ea0I C\u00c1T<\/strong><\/h2>\n<p><span style=\"color: #c0001a;\"><strong>DAI CAT CONSTRUCTION TECHNOLOGY\u00a0 Co.,Ltd (DCC)<\/strong><\/span> is a well established construction technology company based in Ho Chi Minh City with business activities:<br \/>\nIndustrial and civil construction<\/p>\n<p><strong>X\u00e2y D\u01b0\u0323ng D\u00e2n Du\u0323ng &amp; C\u00f4ng Nghi\u00ea\u0323p;<\/strong><br \/>\nFabrication, erection of steel structure<br \/>\n<strong>Sa\u0309n Xu\u00e2\u0301t L\u0103\u0301p D\u01b0\u0323ng K\u00ea\u0301t C\u00e2\u0301u The\u0301p, Nha\u0300 X\u01b0\u01a1\u0309ng;<\/strong><br \/>\nHigh Rice &#8211; Building, interior decoration and Fit-out Work<br \/>\n<strong>X\u00e2y D\u01b0\u0323ng Nha\u0300 Cao T\u00e2\u0300ng va\u0300 Trang Tri\u0301 N\u00f4\u0323i Th\u00e2\u0301t;<\/strong><br \/>\nGrading\/ leveling work<br \/>\n<strong>San L\u00e2\u0301p M\u0103\u0323t B\u0103\u0300ng;<\/strong><br \/>\nPerforming Drainage system, water supply, M&amp;E<br \/>\n<strong>Thi C\u00f4ng C\u1ea5p Tho\u00e1t N\u01b0\u1edbc, C\u01a1 \u0110i\u00ea\u0323n.<\/strong><\/p>\n<p>DCC has organized according to construction standards with dynamic young engineers, well experienced staff and workers, and modern technical equipments:<\/p>\n<p>C\u00f4ng Ty bao g\u00f4\u0300m \u0111\u00f4\u0323i ngu\u0303 Ky\u0303 S\u01b0 tre\u0309 n\u0103ng \u0111\u00f4\u0323ng, c\u00f4ng nh\u00e2n la\u0300nh ngh\u00ea\u0300 va\u0300 thi\u00ea\u0301t bi\u0323 thi c\u00f4ng hi\u00ea\u0323n \u0111a\u0323i:<\/p>\n<p>&#8211; To meet all requirements of national and international projects in construction and steel works areas.<\/p>\n<p>&#8211; To provide the services according to Vietnam and international standards.<\/p>\n<h3><span style=\"color: #800000;\">\u00a0<u>KEY PEOPLE<\/u><\/span><\/h3>\n<p>Mr. Clement \u2013 Chairman, Co-founded of DCC<\/p>\n<p>Mr. Le Minh Cuong \u2013 Director.<\/p>\n<p><u>Email: <\/u>\u00a0\u00a0<a href=\"mailto:Cuong@dcc-vn.com\">Cuong@dcc-vn.com<\/a>[\/vc_column_text][\/vc_column][\/vc_row]<\/p>\n<\/div>","protected":false},"excerpt":{"rendered":"<p>[vc_row][vc_column width=&#8221;1\/4&#8243;][vc_single_image image=&#8221;2696&#8243; img_size=&#8221;full&#8221;][\/vc_column][vc_column width=&#8221;3\/4&#8243;][vc_column_text css=&#8221;&#8221;] C\u00d4NG TY TNHH K\u1ef8 THU\u1eacT X\u00c2Y D\u1ef0NG \u0110\u1ea0I C\u00c1T DAI CAT CONSTRUCTION TECHNOLOGY\u00a0 Co.,Ltd (DCC) is a well established construction [&hellip;]<\/p>\n","protected":false},"author":1,"featured_media":0,"parent":0,"menu_order":0,"comment_status":"closed","ping_status":"closed","template":"","meta":{"footnotes":""},"class_list":["post-2369","page","type-page","status-publish","hentry"],"_links":{"self":[{"href":"https:\/\/dcc-vn.com\/en\/wp-json\/wp\/v2\/pages\/2369","targetHints":{"allow":["GET"]}}],"collection":[{"href":"https:\/\/dcc-vn.com\/en\/wp-json\/wp\/v2\/pages"}],"about":[{"href":"https:\/\/dcc-vn.com\/en\/wp-json\/wp\/v2\/types\/page"}],"author":[{"embeddable":true,"href":"https:\/\/dcc-vn.com\/en\/wp-json\/wp\/v2\/users\/1"}],"replies":[{"embeddable":true,"href":"https:\/\/dcc-vn.com\/en\/wp-json\/wp\/v2\/comments?post=2369"}],"version-history":[{"count":21,"href":"https:\/\/dcc-vn.com\/en\/wp-json\/wp\/v2\/pages\/2369\/revisions"}],"predecessor-version":[{"id":2798,"href":"https:\/\/dcc-vn.com\/en\/wp-json\/wp\/v2\/pages\/2369\/revisions\/2798"}],"wp:attachment":[{"href":"https:\/\/dcc-vn.com\/en\/wp-json\/wp\/v2\/media?parent=2369"}],"curies":[{"name":"wp","href":"https:\/\/api.w.org\/{rel}","templated":true}]}}